{"id":2,"date":"2022-12-05T18:47:04","date_gmt":"2022-12-05T15:47:04","guid":{"rendered":"https:\/\/pinupcasinocanada.com\/?page_id=2"},"modified":"2024-12-03T12:06:29","modified_gmt":"2024-12-03T09:06:29","slug":"sample-page","status":"publish","type":"page","link":"https:\/\/pinupcasinocanada.com\/fr\/","title":{"rendered":"Pin Up Casino Canada - Site officiel"},"content":{"rendered":"<h1><span class=\"ez-toc-section\" id=\"Pin_Up_Casino_Canada\"><\/span>Pin Up Casino Canada<span class=\"ez-toc-section-end\"><\/span><\/h1><div id=\"ez-toc-container\" class=\"ez-toc-v2_0_55 counter-hierarchy ez-toc-counter ez-toc-black ez-toc-container-direction\">\n<div class=\"ez-toc-title-container\">\n<p class=\"ez-toc-title\" >Contenu<\/p>\n<span class=\"ez-toc-title-toggle\"><a href=\"#\" class=\"ez-toc-pull-right ez-toc-btn ez-toc-btn-xs ez-toc-btn-default ez-toc-toggle\" aria-label=\"Toggle Table des mati\u00e8res\" role=\"button\"><label for=\"item-69e1b3707e839\" ><span class=\"\"><span style=\"display:none;\">Toggle<\/span><span class=\"ez-toc-icon-toggle-span\"><svg style=\"fill: #999;color:#999\" xmlns=\"http:\/\/www.w3.org\/2000\/svg\" class=\"list-377408\" width=\"20px\" height=\"20px\" viewbox=\"0 0 24 24\" fill=\"none\"><path d=\"M6 6H4v2h2V6zm14 0H8v2h12V6zM4 11h2v2H4v-2zm16 0H8v2h12v-2zM4 16h2v2H4v-2zm16 0H8v2h12v-2z\" fill=\"currentColor\"><\/path><\/svg><svg style=\"fill: #999;color:#999\" class=\"arrow-unsorted-368013\" xmlns=\"http:\/\/www.w3.org\/2000\/svg\" width=\"10px\" height=\"10px\" viewbox=\"0 0 24 24\" version=\"1.2\" baseprofile=\"tiny\"><path d=\"M18.2 9.3l-6.2-6.3-6.2 6.3c-.2.2-.3.4-.3.7s.1.5.3.7c.2.2.4.3.7.3h11c.3 0 .5-.1.7-.3.2-.2.3-.5.3-.7s-.1-.5-.3-.7zM5.8 14.7l6.2 6.3 6.2-6.3c.2-.2.3-.5.3-.7s-.1-.5-.3-.7c-.2-.2-.4-.3-.7-.3h-11c-.3 0-.5.1-.7.3-.2.2-.3.5-.3.7s.1.5.3.7z\"\/><\/svg><\/span><\/span><\/label><input aria-label=\"Toggle\" type=\"checkbox\"  id=\"item-69e1b3707e839\"><\/a><\/span><\/div>\n<nav><ul class='ez-toc-list ez-toc-list-level-1 eztoc-toggle-hide-by-default' ><li class='ez-toc-page-1 ez-toc-heading-level-1'><a class=\"ez-toc-link ez-toc-heading-1\" href=\"https:\/\/pinupcasinocanada.com\/fr\/#Pin_Up_Casino_Canada\" title=\"Pin Up Casino Canada\">Pin Up Casino Canada<\/a><ul class='ez-toc-list-level-2'><li class='ez-toc-heading-level-2'><a class=\"ez-toc-link ez-toc-heading-2\" href=\"https:\/\/pinupcasinocanada.com\/fr\/#Pin_Up_Casino_Review\" title=\"Pin Up Casino Review\">Pin Up Casino Review<\/a><\/li><\/ul><\/li><\/ul><\/nav><\/div>\n\n<p>Lorsqu'il s'agit de jouer, Pin Up Casino Canada est l'endroit o\u00f9 il faut aller ! Avec plus d'un millier d'options de jeux de hasard, vous \u00eates s\u00fbr de trouver quelque chose qui vous fera vivre des \u00e9motions positives et vous permettra de gagner beaucoup d'argent. Nos machines \u00e0 sous et jeux de table color\u00e9s sont accompagn\u00e9s de croupiers en direct pr\u00eats \u00e0 jouer. Que demander de plus ? N'attendez pas - rejoignez des milliers d'autres joueurs dans notre casino virtuel d\u00e8s aujourd'hui ! Inscrivez-vous d\u00e8s maintenant et profitez d'un acc\u00e8s direct depuis votre navigateur, sans aucun t\u00e9l\u00e9chargement.<\/p>\n<p style=\"text-align: center;\"><a class=\"my-button\" href=\"#go\" rel=\"nofollow\">Jouer \u00e0 Pin-Up Casino<\/a><\/p>\n<h2><span class=\"ez-toc-section\" id=\"Pin_Up_Casino_Review\"><\/span>Pin Up Casino Review<span class=\"ez-toc-section-end\"><\/span><\/h2>\n<p>Pin-up Casino est votre destination de choix pour les meilleurs jeux de casino provenant de fournisseurs de jeux renomm\u00e9s tels que Spinomenal, Nolimit City, Play'n GO, Betsoft, Endorphina et Evolution Gaming. Le site est multilingue afin que les joueurs du monde entier puissent y acc\u00e9der facilement et jouer directement via leur navigateur Web ou leur appareil mobile. De plus, une licence accord\u00e9e par le gouvernement de Cura\u00e7ao garantit sa s\u00e9curit\u00e9 !<\/p>\n<div id=\"attachment_38\" style=\"width: 800px\" class=\"wp-caption aligncenter\"><img decoding=\"async\" aria-describedby=\"caption-attachment-38\" class=\"wp-image-38 size-full\" src=\"https:\/\/pinupcasinocanada.com\/wp-content\/uploads\/2022\/12\/pinup-1.png\" alt=\"Pin Up Casino\" width=\"790\" height=\"394\" srcset=\"https:\/\/pinupcasinocanada.com\/wp-content\/uploads\/2022\/12\/pinup-1.png 790w, https:\/\/pinupcasinocanada.com\/wp-content\/uploads\/2022\/12\/pinup-1-300x150.png 300w, https:\/\/pinupcasinocanada.com\/wp-content\/uploads\/2022\/12\/pinup-1-768x383.png 768w\" sizes=\"(max-width: 790px) 100vw, 790px\" \/><p id=\"caption-attachment-38\" class=\"wp-caption-text\">Pin Up Casino<\/p><\/div>\n<p>Pin Up a ouvert ses portes en 2016, et avec elle, une \u00e9quipe d'experts de l'industrie des casinos en ligne qui sont enracin\u00e9s depuis plus d'une d\u00e9cennie.<\/p>\n<table style=\"border-collapse: collapse; width: 100%; height: 168px;\">\n<tbody>\n<tr style=\"height: 24px;\">\n<td style=\"width: 50%; height: 24px;\"><strong>\ud83c\udfc6 \u00c9tabli :<\/strong><\/td>\n<td style=\"width: 50%; height: 24px;\">2016<\/td>\n<\/tr>\n<tr style=\"height: 24px;\">\n<td style=\"width: 50%; height: 24px;\"><strong>\ud83d\udd12 Licence :<\/strong><\/td>\n<td style=\"width: 50%; height: 24px;\">Cura\u00e7ao<\/td>\n<\/tr>\n<tr style=\"height: 48px;\">\n<td style=\"width: 50%; height: 48px;\"><strong>\ud83c\udf0e Langues :<\/strong><\/td>\n<td style=\"width: 50%; height: 48px;\">EN, PT, AZ, KZ, HI, UZ, ES, EN-CA, BN, RU, FR<\/td>\n<\/tr>\n<tr style=\"height: 24px;\">\n<td style=\"width: 50%; height: 24px;\"><strong>\ud83c\udfb0 Fournisseurs de logiciels :<\/strong><\/td>\n<td style=\"width: 50%; height: 24px;\">70+<\/td>\n<\/tr>\n<tr style=\"height: 24px;\">\n<td style=\"width: 50%; height: 24px;\"><strong>\ud83d\udcf2 Application mobile :<\/strong><\/td>\n<td style=\"width: 50%; height: 24px;\">Android<\/td>\n<\/tr>\n<tr style=\"height: 24px;\">\n<td style=\"width: 50%; height: 24px;\"><strong>\ud83c\udfa7 Support :<\/strong><\/td>\n<td style=\"width: 50%; height: 24px;\">Email, Live Chat, Telegram bot - @PinUpSupportBot<\/td>\n<\/tr>\n<\/tbody>\n<\/table>","protected":false},"excerpt":{"rendered":"<p>Pin Up Casino Canada Lorsqu'il s'agit de jouer, Pin Up Casino Canada est l'endroit o\u00f9 il faut aller ! Avec plus d'un millier d'options de jeux de hasard, vous serez s\u00fbr de trouver quelque chose qui vous procurera des \u00e9motions positives et vous permettra de gagner beaucoup d'argent. Nos machines \u00e0 sous et jeux de table color\u00e9s sont accompagn\u00e9s de croupiers en direct pr\u00eats \u00e0 [...]<\/p>","protected":false},"author":1,"featured_media":0,"parent":0,"menu_order":0,"comment_status":"closed","ping_status":"closed","template":"template_home.php","meta":{"footnotes":""},"class_list":["post-2","page","type-page","status-publish","hentry"],"acf":[],"yoast_head":"<!-- This site is optimized with the Yoast SEO plugin v27.2 - https:\/\/yoast.com\/product\/yoast-seo-wordpress\/ -->\n<title>Pin Up Casino in Canada | 7500 CAD + 250 FS<\/title>\n<meta name=\"description\" content=\"PinUp casino Canada \u279c Play at Pin-Up Casino \ud83d\udcb0 Pin Up Casino Bonus \u27a5 Account registration and verification on Pin Up official website\" \/>\n<meta name=\"robots\" content=\"index, follow, max-snippet:-1, max-image-preview:large, max-video-preview:-1\" \/>\n<link rel=\"canonical\" href=\"https:\/\/pinupcasinocanada.com\/fr\/\" \/>\n<meta property=\"og:locale\" content=\"fr_CA\" \/>\n<meta property=\"og:type\" content=\"article\" \/>\n<meta property=\"og:title\" content=\"Pin Up Casino in Canada | 7500 CAD + 250 FS\" \/>\n<meta property=\"og:description\" content=\"PinUp casino Canada \u279c Play at Pin-Up Casino \ud83d\udcb0 Pin Up Casino Bonus \u27a5 Account registration and verification on Pin Up official website\" \/>\n<meta property=\"og:url\" content=\"https:\/\/pinupcasinocanada.com\/fr\/\" \/>\n<meta property=\"og:site_name\" content=\"pinupcasinocanada\" \/>\n<meta property=\"article:modified_time\" content=\"2024-12-03T09:06:29+00:00\" \/>\n<meta property=\"og:image\" content=\"https:\/\/pinupcasinocanada.com\/wp-content\/uploads\/2022\/12\/pinup-1.png\" \/>\n<meta name=\"twitter:card\" content=\"summary_large_image\" \/>\n<meta name=\"twitter:label1\" content=\"Estimation du temps de lecture\" \/>\n\t<meta name=\"twitter:data1\" content=\"2 minutes\" \/>\n<script type=\"application\/ld+json\" class=\"yoast-schema-graph\">{\"@context\":\"https:\/\/schema.org\",\"@graph\":[{\"@type\":\"WebPage\",\"@id\":\"https:\/\/pinupcasinocanada.com\/\",\"url\":\"https:\/\/pinupcasinocanada.com\/\",\"name\":\"Pin Up Casino in Canada | 7500 CAD + 250 FS\",\"isPartOf\":{\"@id\":\"https:\/\/pinupcasinocanada.com\/#website\"},\"primaryImageOfPage\":{\"@id\":\"https:\/\/pinupcasinocanada.com\/#primaryimage\"},\"image\":{\"@id\":\"https:\/\/pinupcasinocanada.com\/#primaryimage\"},\"thumbnailUrl\":\"https:\/\/pinupcasinocanada.com\/wp-content\/uploads\/2022\/12\/pinup-1.png\",\"datePublished\":\"2022-12-05T15:47:04+00:00\",\"dateModified\":\"2024-12-03T09:06:29+00:00\",\"description\":\"PinUp casino Canada \u279c Play at Pin-Up Casino \ud83d\udcb0 Pin Up Casino Bonus \u27a5 Account registration and verification on Pin Up official website\",\"breadcrumb\":{\"@id\":\"https:\/\/pinupcasinocanada.com\/#breadcrumb\"},\"inLanguage\":\"fr-CA\",\"potentialAction\":[{\"@type\":\"ReadAction\",\"target\":[\"https:\/\/pinupcasinocanada.com\/\"]}]},{\"@type\":\"ImageObject\",\"inLanguage\":\"fr-CA\",\"@id\":\"https:\/\/pinupcasinocanada.com\/#primaryimage\",\"url\":\"https:\/\/pinupcasinocanada.com\/wp-content\/uploads\/2022\/12\/pinup-1.png\",\"contentUrl\":\"https:\/\/pinupcasinocanada.com\/wp-content\/uploads\/2022\/12\/pinup-1.png\"},{\"@type\":\"BreadcrumbList\",\"@id\":\"https:\/\/pinupcasinocanada.com\/#breadcrumb\",\"itemListElement\":[{\"@type\":\"ListItem\",\"position\":1,\"name\":\"\u0413\u043b\u0430\u0432\u043d\u0430\u044f \u0441\u0442\u0440\u0430\u043d\u0438\u0446\u0430\",\"item\":\"https:\/\/pinupcasinocanada.com\/\"},{\"@type\":\"ListItem\",\"position\":2,\"name\":\"Pin Up Casino Canada &#8212; Official Website\"}]},{\"@type\":\"WebSite\",\"@id\":\"https:\/\/pinupcasinocanada.com\/#website\",\"url\":\"https:\/\/pinupcasinocanada.com\/\",\"name\":\"pinupcasinocanada\",\"description\":\"\u0415\u0449\u0451 \u043e\u0434\u0438\u043d \u0441\u0430\u0439\u0442 \u043d\u0430 WordPress\",\"potentialAction\":[{\"@type\":\"SearchAction\",\"target\":{\"@type\":\"EntryPoint\",\"urlTemplate\":\"https:\/\/pinupcasinocanada.com\/?s={search_term_string}\"},\"query-input\":{\"@type\":\"PropertyValueSpecification\",\"valueRequired\":true,\"valueName\":\"search_term_string\"}}],\"inLanguage\":\"fr-CA\"}]}<\/script>\n<!-- \/ Yoast SEO plugin. -->","yoast_head_json":{"title":"Pin Up Casino in Canada | 7500 CAD + 250 FS","description":"PinUp casino Canada \u279c Play at Pin-Up Casino \ud83d\udcb0 Pin Up Casino Bonus \u27a5 Account registration and verification on Pin Up official website","robots":{"index":"index","follow":"follow","max-snippet":"max-snippet:-1","max-image-preview":"max-image-preview:large","max-video-preview":"max-video-preview:-1"},"canonical":"https:\/\/pinupcasinocanada.com\/fr\/","og_locale":"fr_CA","og_type":"article","og_title":"Pin Up Casino in Canada | 7500 CAD + 250 FS","og_description":"PinUp casino Canada \u279c Play at Pin-Up Casino \ud83d\udcb0 Pin Up Casino Bonus \u27a5 Account registration and verification on Pin Up official website","og_url":"https:\/\/pinupcasinocanada.com\/fr\/","og_site_name":"pinupcasinocanada","article_modified_time":"2024-12-03T09:06:29+00:00","og_image":[{"url":"https:\/\/pinupcasinocanada.com\/wp-content\/uploads\/2022\/12\/pinup-1.png","type":"","width":"","height":""}],"twitter_card":"summary_large_image","twitter_misc":{"Estimation du temps de lecture":"2 minutes"},"schema":{"@context":"https:\/\/schema.org","@graph":[{"@type":"WebPage","@id":"https:\/\/pinupcasinocanada.com\/","url":"https:\/\/pinupcasinocanada.com\/","name":"Pin Up Casino in Canada | 7500 CAD + 250 FS","isPartOf":{"@id":"https:\/\/pinupcasinocanada.com\/#website"},"primaryImageOfPage":{"@id":"https:\/\/pinupcasinocanada.com\/#primaryimage"},"image":{"@id":"https:\/\/pinupcasinocanada.com\/#primaryimage"},"thumbnailUrl":"https:\/\/pinupcasinocanada.com\/wp-content\/uploads\/2022\/12\/pinup-1.png","datePublished":"2022-12-05T15:47:04+00:00","dateModified":"2024-12-03T09:06:29+00:00","description":"PinUp casino Canada \u279c Play at Pin-Up Casino \ud83d\udcb0 Pin Up Casino Bonus \u27a5 Account registration and verification on Pin Up official website","breadcrumb":{"@id":"https:\/\/pinupcasinocanada.com\/#breadcrumb"},"inLanguage":"fr-CA","potentialAction":[{"@type":"ReadAction","target":["https:\/\/pinupcasinocanada.com\/"]}]},{"@type":"ImageObject","inLanguage":"fr-CA","@id":"https:\/\/pinupcasinocanada.com\/#primaryimage","url":"https:\/\/pinupcasinocanada.com\/wp-content\/uploads\/2022\/12\/pinup-1.png","contentUrl":"https:\/\/pinupcasinocanada.com\/wp-content\/uploads\/2022\/12\/pinup-1.png"},{"@type":"BreadcrumbList","@id":"https:\/\/pinupcasinocanada.com\/#breadcrumb","itemListElement":[{"@type":"ListItem","position":1,"name":"\u0413\u043b\u0430\u0432\u043d\u0430\u044f \u0441\u0442\u0440\u0430\u043d\u0438\u0446\u0430","item":"https:\/\/pinupcasinocanada.com\/"},{"@type":"ListItem","position":2,"name":"Pin Up Casino Canada &#8212; Official Website"}]},{"@type":"WebSite","@id":"https:\/\/pinupcasinocanada.com\/#website","url":"https:\/\/pinupcasinocanada.com\/","name":"pinupcasinocanada","description":"\u0415\u0449\u0451 \u043e\u0434\u0438\u043d \u0441\u0430\u0439\u0442 \u043d\u0430 WordPress","potentialAction":[{"@type":"SearchAction","target":{"@type":"EntryPoint","urlTemplate":"https:\/\/pinupcasinocanada.com\/?s={search_term_string}"},"query-input":{"@type":"PropertyValueSpecification","valueRequired":true,"valueName":"search_term_string"}}],"inLanguage":"fr-CA"}]}},"_links":{"self":[{"href":"https:\/\/pinupcasinocanada.com\/fr\/wp-json\/wp\/v2\/pages\/2","targetHints":{"allow":["GET"]}}],"collection":[{"href":"https:\/\/pinupcasinocanada.com\/fr\/wp-json\/wp\/v2\/pages"}],"about":[{"href":"https:\/\/pinupcasinocanada.com\/fr\/wp-json\/wp\/v2\/types\/page"}],"author":[{"embeddable":true,"href":"https:\/\/pinupcasinocanada.com\/fr\/wp-json\/wp\/v2\/users\/1"}],"replies":[{"embeddable":true,"href":"https:\/\/pinupcasinocanada.com\/fr\/wp-json\/wp\/v2\/comments?post=2"}],"version-history":[{"count":44,"href":"https:\/\/pinupcasinocanada.com\/fr\/wp-json\/wp\/v2\/pages\/2\/revisions"}],"predecessor-version":[{"id":436,"href":"https:\/\/pinupcasinocanada.com\/fr\/wp-json\/wp\/v2\/pages\/2\/revisions\/436"}],"wp:attachment":[{"href":"https:\/\/pinupcasinocanada.com\/fr\/wp-json\/wp\/v2\/media?parent=2"}],"curies":[{"name":"wp","href":"https:\/\/api.w.org\/{rel}","templated":true}]}}